{"id":933,"date":"2025-08-25T16:58:11","date_gmt":"2025-08-25T14:58:11","guid":{"rendered":"https:\/\/repropress.be\/?page_id=933"},"modified":"2025-08-25T16:58:11","modified_gmt":"2025-08-25T14:58:11","slug":"klachten-en-geschillen","status":"publish","type":"page","link":"https:\/\/repropress.be\/nl\/page-daccueil\/klachten-en-geschillen\/","title":{"rendered":"klachten en geschillen"},"content":{"rendered":"","protected":false},"excerpt":{"rendered":"","protected":false},"author":3,"featured_media":0,"parent":488,"menu_order":0,"comment_status":"closed","ping_status":"closed","template":"","meta":{"footnotes":""},"class_list":["post-933","page","type-page","status-publish","hentry"],"acf":[],"yoast_head":"<!-- This site is optimized with the Yoast SEO plugin v17.1 - https:\/\/yoast.com\/wordpress\/plugins\/seo\/ -->\n<title>klachten en geschillen - Repropress<\/title>\n<meta name=\"robots\" content=\"index, follow, max-snippet:-1, max-image-preview:large, max-video-preview:-1\" \/>\n<link rel=\"canonical\" href=\"https:\/\/repropress.be\/nl\/page-daccueil\/klachten-en-geschillen\/\" \/>\n<meta property=\"og:locale\" content=\"nl_NL\" \/>\n<meta property=\"og:type\" content=\"article\" \/>\n<meta property=\"og:title\" content=\"klachten en geschillen - Repropress\" \/>\n<meta property=\"og:url\" content=\"https:\/\/repropress.be\/nl\/page-daccueil\/klachten-en-geschillen\/\" \/>\n<meta property=\"og:site_name\" content=\"Repropress\" \/>\n<meta name=\"twitter:card\" content=\"summary_large_image\" \/>\n<script type=\"application\/ld+json\" class=\"yoast-schema-graph\">{\"@context\":\"https:\/\/schema.org\",\"@graph\":[{\"@type\":\"WebSite\",\"@id\":\"https:\/\/repropress.be\/nl\/#website\",\"url\":\"https:\/\/repropress.be\/nl\/\",\"name\":\"Repropress\",\"description\":\"Soci\\u00e9t\\u00e9 de gestion des droits d&#039;auteur des \\u00e9diteurs de presse p\\u00e9riodique.\",\"potentialAction\":[{\"@type\":\"SearchAction\",\"target\":{\"@type\":\"EntryPoint\",\"urlTemplate\":\"https:\/\/repropress.be\/nl\/?s={search_term_string}\"},\"query-input\":\"required name=search_term_string\"}],\"inLanguage\":\"nl-NL\"},{\"@type\":\"WebPage\",\"@id\":\"https:\/\/repropress.be\/nl\/page-daccueil\/klachten-en-geschillen\/#webpage\",\"url\":\"https:\/\/repropress.be\/nl\/page-daccueil\/klachten-en-geschillen\/\",\"name\":\"klachten en geschillen - Repropress\",\"isPartOf\":{\"@id\":\"https:\/\/repropress.be\/nl\/#website\"},\"datePublished\":\"2025-08-25T14:58:11+00:00\",\"dateModified\":\"2025-08-25T14:58:11+00:00\",\"breadcrumb\":{\"@id\":\"https:\/\/repropress.be\/nl\/page-daccueil\/klachten-en-geschillen\/#breadcrumb\"},\"inLanguage\":\"nl-NL\",\"potentialAction\":[{\"@type\":\"ReadAction\",\"target\":[\"https:\/\/repropress.be\/nl\/page-daccueil\/klachten-en-geschillen\/\"]}]},{\"@type\":\"BreadcrumbList\",\"@id\":\"https:\/\/repropress.be\/nl\/page-daccueil\/klachten-en-geschillen\/#breadcrumb\",\"itemListElement\":[{\"@type\":\"ListItem\",\"position\":1,\"name\":\"Home\",\"item\":\"https:\/\/repropress.be\/nl\/\"},{\"@type\":\"ListItem\",\"position\":2,\"name\":\"klachten en geschillen\"}]}]}<\/script>\n<!-- \/ Yoast SEO plugin. -->","yoast_head_json":{"title":"klachten en geschillen - Repropress","robots":{"index":"index","follow":"follow","max-snippet":"max-snippet:-1","max-image-preview":"max-image-preview:large","max-video-preview":"max-video-preview:-1"},"canonical":"https:\/\/repropress.be\/nl\/page-daccueil\/klachten-en-geschillen\/","og_locale":"nl_NL","og_type":"article","og_title":"klachten en geschillen - Repropress","og_url":"https:\/\/repropress.be\/nl\/page-daccueil\/klachten-en-geschillen\/","og_site_name":"Repropress","twitter_card":"summary_large_image","schema":{"@context":"https:\/\/schema.org","@graph":[{"@type":"WebSite","@id":"https:\/\/repropress.be\/nl\/#website","url":"https:\/\/repropress.be\/nl\/","name":"Repropress","description":"Soci\u00e9t\u00e9 de gestion des droits d&#039;auteur des \u00e9diteurs de presse p\u00e9riodique.","potentialAction":[{"@type":"SearchAction","target":{"@type":"EntryPoint","urlTemplate":"https:\/\/repropress.be\/nl\/?s={search_term_string}"},"query-input":"required name=search_term_string"}],"inLanguage":"nl-NL"},{"@type":"WebPage","@id":"https:\/\/repropress.be\/nl\/page-daccueil\/klachten-en-geschillen\/#webpage","url":"https:\/\/repropress.be\/nl\/page-daccueil\/klachten-en-geschillen\/","name":"klachten en geschillen - Repropress","isPartOf":{"@id":"https:\/\/repropress.be\/nl\/#website"},"datePublished":"2025-08-25T14:58:11+00:00","dateModified":"2025-08-25T14:58:11+00:00","breadcrumb":{"@id":"https:\/\/repropress.be\/nl\/page-daccueil\/klachten-en-geschillen\/#breadcrumb"},"inLanguage":"nl-NL","potentialAction":[{"@type":"ReadAction","target":["https:\/\/repropress.be\/nl\/page-daccueil\/klachten-en-geschillen\/"]}]},{"@type":"BreadcrumbList","@id":"https:\/\/repropress.be\/nl\/page-daccueil\/klachten-en-geschillen\/#breadcrumb","itemListElement":[{"@type":"ListItem","position":1,"name":"Home","item":"https:\/\/repropress.be\/nl\/"},{"@type":"ListItem","position":2,"name":"klachten en geschillen"}]}]}},"_links":{"self":[{"href":"https:\/\/repropress.be\/nl\/wp-json\/wp\/v2\/pages\/933","targetHints":{"allow":["GET"]}}],"collection":[{"href":"https:\/\/repropress.be\/nl\/wp-json\/wp\/v2\/pages"}],"about":[{"href":"https:\/\/repropress.be\/nl\/wp-json\/wp\/v2\/types\/page"}],"author":[{"embeddable":true,"href":"https:\/\/repropress.be\/nl\/wp-json\/wp\/v2\/users\/3"}],"replies":[{"embeddable":true,"href":"https:\/\/repropress.be\/nl\/wp-json\/wp\/v2\/comments?post=933"}],"version-history":[{"count":1,"href":"https:\/\/repropress.be\/nl\/wp-json\/wp\/v2\/pages\/933\/revisions"}],"predecessor-version":[{"id":936,"href":"https:\/\/repropress.be\/nl\/wp-json\/wp\/v2\/pages\/933\/revisions\/936"}],"up":[{"embeddable":true,"href":"https:\/\/repropress.be\/nl\/wp-json\/wp\/v2\/pages\/488"}],"wp:attachment":[{"href":"https:\/\/repropress.be\/nl\/wp-json\/wp\/v2\/media?parent=933"}],"curies":[{"name":"wp","href":"https:\/\/api.w.org\/{rel}","templated":true}]}}