{"id":801,"date":"2021-09-16T11:24:46","date_gmt":"2021-09-16T09:24:46","guid":{"rendered":"https:\/\/repropress.be\/?page_id=801"},"modified":"2025-08-26T13:58:19","modified_gmt":"2025-08-26T11:58:19","slug":"privacybeleid","status":"publish","type":"page","link":"https:\/\/repropress.be\/nl\/privacybeleid\/","title":{"rendered":"Privacybeleid"},"content":{"rendered":"","protected":false},"excerpt":{"rendered":"","protected":false},"author":1,"featured_media":0,"parent":0,"menu_order":0,"comment_status":"closed","ping_status":"open","template":"","meta":{"footnotes":""},"class_list":["post-801","page","type-page","status-publish","hentry"],"acf":[],"yoast_head":"<!-- This site is optimized with the Yoast SEO plugin v17.1 - https:\/\/yoast.com\/wordpress\/plugins\/seo\/ -->\n<title>Privacybeleid - Repropress<\/title>\n<meta name=\"robots\" content=\"index, follow, max-snippet:-1, max-image-preview:large, max-video-preview:-1\" \/>\n<link rel=\"canonical\" href=\"https:\/\/repropress.be\/nl\/privacybeleid\/\" \/>\n<meta property=\"og:locale\" content=\"nl_NL\" \/>\n<meta property=\"og:type\" content=\"article\" \/>\n<meta property=\"og:title\" content=\"Privacybeleid - Repropress\" \/>\n<meta property=\"og:url\" content=\"https:\/\/repropress.be\/nl\/privacybeleid\/\" \/>\n<meta property=\"og:site_name\" content=\"Repropress\" \/>\n<meta property=\"article:modified_time\" content=\"2025-08-26T11:58:19+00:00\" \/>\n<meta name=\"twitter:card\" content=\"summary_large_image\" \/>\n<script type=\"application\/ld+json\" class=\"yoast-schema-graph\">{\"@context\":\"https:\/\/schema.org\",\"@graph\":[{\"@type\":\"WebSite\",\"@id\":\"https:\/\/repropress.be\/nl\/#website\",\"url\":\"https:\/\/repropress.be\/nl\/\",\"name\":\"Repropress\",\"description\":\"Soci\\u00e9t\\u00e9 de gestion des droits d&#039;auteur des \\u00e9diteurs de presse p\\u00e9riodique.\",\"potentialAction\":[{\"@type\":\"SearchAction\",\"target\":{\"@type\":\"EntryPoint\",\"urlTemplate\":\"https:\/\/repropress.be\/nl\/?s={search_term_string}\"},\"query-input\":\"required name=search_term_string\"}],\"inLanguage\":\"nl-NL\"},{\"@type\":\"WebPage\",\"@id\":\"https:\/\/repropress.be\/nl\/privacybeleid\/#webpage\",\"url\":\"https:\/\/repropress.be\/nl\/privacybeleid\/\",\"name\":\"Privacybeleid - Repropress\",\"isPartOf\":{\"@id\":\"https:\/\/repropress.be\/nl\/#website\"},\"datePublished\":\"2021-09-16T09:24:46+00:00\",\"dateModified\":\"2025-08-26T11:58:19+00:00\",\"breadcrumb\":{\"@id\":\"https:\/\/repropress.be\/nl\/privacybeleid\/#breadcrumb\"},\"inLanguage\":\"nl-NL\",\"potentialAction\":[{\"@type\":\"ReadAction\",\"target\":[\"https:\/\/repropress.be\/nl\/privacybeleid\/\"]}]},{\"@type\":\"BreadcrumbList\",\"@id\":\"https:\/\/repropress.be\/nl\/privacybeleid\/#breadcrumb\",\"itemListElement\":[{\"@type\":\"ListItem\",\"position\":1,\"name\":\"Privacybeleid\"}]}]}<\/script>\n<!-- \/ Yoast SEO plugin. -->","yoast_head_json":{"title":"Privacybeleid - Repropress","robots":{"index":"index","follow":"follow","max-snippet":"max-snippet:-1","max-image-preview":"max-image-preview:large","max-video-preview":"max-video-preview:-1"},"canonical":"https:\/\/repropress.be\/nl\/privacybeleid\/","og_locale":"nl_NL","og_type":"article","og_title":"Privacybeleid - Repropress","og_url":"https:\/\/repropress.be\/nl\/privacybeleid\/","og_site_name":"Repropress","article_modified_time":"2025-08-26T11:58:19+00:00","twitter_card":"summary_large_image","schema":{"@context":"https:\/\/schema.org","@graph":[{"@type":"WebSite","@id":"https:\/\/repropress.be\/nl\/#website","url":"https:\/\/repropress.be\/nl\/","name":"Repropress","description":"Soci\u00e9t\u00e9 de gestion des droits d&#039;auteur des \u00e9diteurs de presse p\u00e9riodique.","potentialAction":[{"@type":"SearchAction","target":{"@type":"EntryPoint","urlTemplate":"https:\/\/repropress.be\/nl\/?s={search_term_string}"},"query-input":"required name=search_term_string"}],"inLanguage":"nl-NL"},{"@type":"WebPage","@id":"https:\/\/repropress.be\/nl\/privacybeleid\/#webpage","url":"https:\/\/repropress.be\/nl\/privacybeleid\/","name":"Privacybeleid - Repropress","isPartOf":{"@id":"https:\/\/repropress.be\/nl\/#website"},"datePublished":"2021-09-16T09:24:46+00:00","dateModified":"2025-08-26T11:58:19+00:00","breadcrumb":{"@id":"https:\/\/repropress.be\/nl\/privacybeleid\/#breadcrumb"},"inLanguage":"nl-NL","potentialAction":[{"@type":"ReadAction","target":["https:\/\/repropress.be\/nl\/privacybeleid\/"]}]},{"@type":"BreadcrumbList","@id":"https:\/\/repropress.be\/nl\/privacybeleid\/#breadcrumb","itemListElement":[{"@type":"ListItem","position":1,"name":"Privacybeleid"}]}]}},"_links":{"self":[{"href":"https:\/\/repropress.be\/nl\/wp-json\/wp\/v2\/pages\/801","targetHints":{"allow":["GET"]}}],"collection":[{"href":"https:\/\/repropress.be\/nl\/wp-json\/wp\/v2\/pages"}],"about":[{"href":"https:\/\/repropress.be\/nl\/wp-json\/wp\/v2\/types\/page"}],"author":[{"embeddable":true,"href":"https:\/\/repropress.be\/nl\/wp-json\/wp\/v2\/users\/1"}],"replies":[{"embeddable":true,"href":"https:\/\/repropress.be\/nl\/wp-json\/wp\/v2\/comments?post=801"}],"version-history":[{"count":7,"href":"https:\/\/repropress.be\/nl\/wp-json\/wp\/v2\/pages\/801\/revisions"}],"predecessor-version":[{"id":946,"href":"https:\/\/repropress.be\/nl\/wp-json\/wp\/v2\/pages\/801\/revisions\/946"}],"wp:attachment":[{"href":"https:\/\/repropress.be\/nl\/wp-json\/wp\/v2\/media?parent=801"}],"curies":[{"name":"wp","href":"https:\/\/api.w.org\/{rel}","templated":true}]}}